{"id":3355,"date":"2019-02-04T07:24:44","date_gmt":"2019-02-04T06:24:44","guid":{"rendered":"https:\/\/new-ape.com\/privacitat\/"},"modified":"2020-03-23T18:04:21","modified_gmt":"2020-03-23T17:04:21","slug":"privacitat","status":"publish","type":"page","link":"https:\/\/new-ape.com\/ca\/privacitat\/","title":{"rendered":"Privacitat"},"content":{"rendered":"\t\t<div data-elementor-type=\"wp-post\" data-elementor-id=\"3355\" class=\"elementor elementor-3355 elementor-1748\" data-elementor-post-type=\"page\">\n\t\t\t\t\t\t<section class=\"elementor-section elementor-top-section elementor-element elementor-element-469d0812 elementor-section-full_width elementor-section-height-min-height elementor-section-height-default elementor-section-items-middle\" data-id=\"469d0812\" data-element_type=\"section\" data-e-type=\"section\" data-settings=\"{&quot;background_background&quot;:&quot;classic&quot;}\">\n\t\t\t\t\t\t\t<div class=\"elementor-background-overlay\"><\/div>\n\t\t\t\t\t\t\t<div class=\"elementor-container elementor-column-gap-no\">\n\t\t\t\t\t<div class=\"elementor-column elementor-col-100 elementor-top-column elementor-element elementor-element-70233fbd\" data-id=\"70233fbd\" data-element_type=\"column\" data-e-type=\"column\">\n\t\t\t<div class=\"elementor-widget-wrap elementor-element-populated\">\n\t\t\t\t\t\t<div class=\"elementor-element elementor-element-260bb65a elementor-invisible elementor-widget elementor-widget-heading\" data-id=\"260bb65a\" data-element_type=\"widget\" data-e-type=\"widget\" data-settings=\"{&quot;_animation&quot;:&quot;fadeIn&quot;,&quot;_animation_delay&quot;:150}\" data-widget_type=\"heading.default\">\n\t\t\t\t<div class=\"elementor-widget-container\">\n\t\t\t\t\t<h2 class=\"elementor-heading-title elementor-size-default\">Privacitat<\/h2>\t\t\t\t<\/div>\n\t\t\t\t<\/div>\n\t\t\t\t<div class=\"elementor-element elementor-element-bfa6477 elementor-widget elementor-widget-spacer\" data-id=\"bfa6477\" data-element_type=\"widget\" data-e-type=\"widget\" data-widget_type=\"spacer.default\">\n\t\t\t\t<div class=\"elementor-widget-container\">\n\t\t\t\t\t\t\t<div class=\"elementor-spacer\">\n\t\t\t<div class=\"elementor-spacer-inner\"><\/div>\n\t\t<\/div>\n\t\t\t\t\t\t<\/div>\n\t\t\t\t<\/div>\n\t\t\t\t<div class=\"elementor-element elementor-element-4d81da33 elementor-widget elementor-widget-spacer\" data-id=\"4d81da33\" data-element_type=\"widget\" data-e-type=\"widget\" data-widget_type=\"spacer.default\">\n\t\t\t\t<div class=\"elementor-widget-container\">\n\t\t\t\t\t\t\t<div class=\"elementor-spacer\">\n\t\t\t<div class=\"elementor-spacer-inner\"><\/div>\n\t\t<\/div>\n\t\t\t\t\t\t<\/div>\n\t\t\t\t<\/div>\n\t\t\t\t<div class=\"elementor-element elementor-element-1c9c2d30 elementor-invisible elementor-widget elementor-widget-heading\" data-id=\"1c9c2d30\" data-element_type=\"widget\" data-e-type=\"widget\" data-settings=\"{&quot;_animation&quot;:&quot;fadeIn&quot;,&quot;_animation_delay&quot;:150}\" data-widget_type=\"heading.default\">\n\t\t\t\t<div class=\"elementor-widget-container\">\n\t\t\t\t\t<h2 class=\"elementor-heading-title elementor-size-default\">Em dic <b>Miguel Mart\u00ednez Mirosznizenko<\/b>, propietari de l'empresa <b>New Adventure &amp; Professional Equipment S.L.O<\/b> i de la marca <b>New Ape<\/b>. Si necessites contactar amb nosaltres, pots fer-ho escrivint-nos un email contacto@new-ape.com. <br><br>T'informem que aquesta p\u00e0gina web https:\/\/new-ape.com\/ca, i el negoci que la recolza compleix amb la normativa espanyola i europea vigent de protecci\u00f3 de dades.<\/h2>\t\t\t\t<\/div>\n\t\t\t\t<\/div>\n\t\t\t\t<div class=\"elementor-element elementor-element-76813b0b elementor-widget elementor-widget-spacer\" data-id=\"76813b0b\" data-element_type=\"widget\" data-e-type=\"widget\" data-widget_type=\"spacer.default\">\n\t\t\t\t<div class=\"elementor-widget-container\">\n\t\t\t\t\t\t\t<div class=\"elementor-spacer\">\n\t\t\t<div class=\"elementor-spacer-inner\"><\/div>\n\t\t<\/div>\n\t\t\t\t\t\t<\/div>\n\t\t\t\t<\/div>\n\t\t\t\t<div class=\"elementor-element elementor-element-d09a133 elementor-invisible elementor-widget elementor-widget-heading\" data-id=\"d09a133\" data-element_type=\"widget\" data-e-type=\"widget\" data-settings=\"{&quot;_animation&quot;:&quot;fadeIn&quot;,&quot;_animation_delay&quot;:150}\" data-widget_type=\"heading.default\">\n\t\t\t\t<div class=\"elementor-widget-container\">\n\t\t\t\t\t<h2 class=\"elementor-heading-title elementor-size-default\">1. Responsable del tractament de les dades personals recaptades a trav\u00e9s d'aquesta p\u00e0gina web.<\/h2>\t\t\t\t<\/div>\n\t\t\t\t<\/div>\n\t\t\t\t<div class=\"elementor-element elementor-element-12cae1af elementor-widget elementor-widget-spacer\" data-id=\"12cae1af\" data-element_type=\"widget\" data-e-type=\"widget\" data-widget_type=\"spacer.default\">\n\t\t\t\t<div class=\"elementor-widget-container\">\n\t\t\t\t\t\t\t<div class=\"elementor-spacer\">\n\t\t\t<div class=\"elementor-spacer-inner\"><\/div>\n\t\t<\/div>\n\t\t\t\t\t\t<\/div>\n\t\t\t\t<\/div>\n\t\t\t\t<div class=\"elementor-element elementor-element-d78f652 elementor-invisible elementor-widget elementor-widget-heading\" data-id=\"d78f652\" data-element_type=\"widget\" data-e-type=\"widget\" data-settings=\"{&quot;_animation&quot;:&quot;fadeIn&quot;,&quot;_animation_delay&quot;:150}\" data-widget_type=\"heading.default\">\n\t\t\t\t<div class=\"elementor-widget-container\">\n\t\t\t\t\t<h2 class=\"elementor-heading-title elementor-size-default\">Denominaci\u00f3 social: <br><br>New Adventure &amp; Professional Equipment S.L.O.<p>CIF: B67111393.<p>Domicili social: Les Vinyes 33, Sant Cebri\u00e0 de Vallalta, 08396, Barcelona, Espanya. <p>Inscrita en el Registre Mercantil de Barcelona, Tom 46187, Foli 142, Fulla B 512355, Inscripci\u00f3 1a.<p>Email: contacto@new-ape.com<br><br>Objeto social: <br><br>La comercialitzaci\u00f3, promoci\u00f3 i organitzaci\u00f3 d'esdeveniments, el subministrament i manteniment de materials i equipaments relacionats amb activitats d'oci, els esports d'aventura i infraestructures tur\u00edstiques, etc.<\/h2>\t\t\t\t<\/div>\n\t\t\t\t<\/div>\n\t\t\t\t<div class=\"elementor-element elementor-element-73f292f3 elementor-widget elementor-widget-spacer\" data-id=\"73f292f3\" data-element_type=\"widget\" data-e-type=\"widget\" data-widget_type=\"spacer.default\">\n\t\t\t\t<div class=\"elementor-widget-container\">\n\t\t\t\t\t\t\t<div class=\"elementor-spacer\">\n\t\t\t<div class=\"elementor-spacer-inner\"><\/div>\n\t\t<\/div>\n\t\t\t\t\t\t<\/div>\n\t\t\t\t<\/div>\n\t\t\t\t<div class=\"elementor-element elementor-element-2382bb48 elementor-invisible elementor-widget elementor-widget-heading\" data-id=\"2382bb48\" data-element_type=\"widget\" data-e-type=\"widget\" data-settings=\"{&quot;_animation&quot;:&quot;fadeIn&quot;,&quot;_animation_delay&quot;:150}\" data-widget_type=\"heading.default\">\n\t\t\t\t<div class=\"elementor-widget-container\">\n\t\t\t\t\t<h2 class=\"elementor-heading-title elementor-size-default\">2. Finalitat del tractament de les dades personals.<\/h2>\t\t\t\t<\/div>\n\t\t\t\t<\/div>\n\t\t\t\t<div class=\"elementor-element elementor-element-5ff5993d elementor-widget elementor-widget-spacer\" data-id=\"5ff5993d\" data-element_type=\"widget\" data-e-type=\"widget\" data-widget_type=\"spacer.default\">\n\t\t\t\t<div class=\"elementor-widget-container\">\n\t\t\t\t\t\t\t<div class=\"elementor-spacer\">\n\t\t\t<div class=\"elementor-spacer-inner\"><\/div>\n\t\t<\/div>\n\t\t\t\t\t\t<\/div>\n\t\t\t\t<\/div>\n\t\t\t\t<div class=\"elementor-element elementor-element-adcb0d7 elementor-invisible elementor-widget elementor-widget-heading\" data-id=\"adcb0d7\" data-element_type=\"widget\" data-e-type=\"widget\" data-settings=\"{&quot;_animation&quot;:&quot;fadeIn&quot;,&quot;_animation_delay&quot;:150}\" data-widget_type=\"heading.default\">\n\t\t\t\t<div class=\"elementor-widget-container\">\n\t\t\t\t\t<h2 class=\"elementor-heading-title elementor-size-default\">Perqu\u00e8 puguis navegar per aquesta p\u00e0gina web, no \u00e9s necessari que ens facilitis cap dada. Els casos en els quals s\u00ed que ens d\u00f3nes les teves dades s\u00f3n els seg\u00fcents:<br><br> -Quan et subscrius a nostra newsletter.<br> Quan ens escrius mitjan\u00e7ant el formulari de contacte.<br> -Quan ens envies un email.<br> Quan compres un dels nostres productes.<br> -Quan ets el nostre client, prove\u00efdor o col\u00b7laborador.<br><br>En cada cas, les teves dades podran ser incorporades a un fitxer, del qual New Adventure &amp; Professional Equipment S.L.O. \u00e9s responsable de la seva gesti\u00f3 i tractament. <br><br><br>La seguretat de les teves dades est\u00e0 garantida, ja que prenem totes les mesures de seguretat necess\u00e0ries per a aix\u00f2. Nom\u00e9s usarem aquestes dades per a la finalitat que ens els has donat. <br><br>Concretament, quan et subscrius a nostra newsletter, rebr\u00e0s novetats de la nostra p\u00e0gina web, informaci\u00f3 comercial i\/o publicit\u00e0ria dels nostres serveis i contingut promocional relacionat amb altres professionals que considerem que pugui interessar. <b><br>No et preocupis, no cedirem les teves dades a tercers. <\/b><br><br><br>Les dades personals proporcionades es conservaran mentre es mantingui la relaci\u00f3 comercial entre les dues parts o fins que ens sol\u00b7licitis l'eliminaci\u00f3 d'aquestes.<\/h2>\t\t\t\t<\/div>\n\t\t\t\t<\/div>\n\t\t\t\t<div class=\"elementor-element elementor-element-56dd085e elementor-widget elementor-widget-spacer\" data-id=\"56dd085e\" data-element_type=\"widget\" data-e-type=\"widget\" data-widget_type=\"spacer.default\">\n\t\t\t\t<div class=\"elementor-widget-container\">\n\t\t\t\t\t\t\t<div class=\"elementor-spacer\">\n\t\t\t<div class=\"elementor-spacer-inner\"><\/div>\n\t\t<\/div>\n\t\t\t\t\t\t<\/div>\n\t\t\t\t<\/div>\n\t\t\t\t<div class=\"elementor-element elementor-element-7e6a4f2a elementor-invisible elementor-widget elementor-widget-heading\" data-id=\"7e6a4f2a\" data-element_type=\"widget\" data-e-type=\"widget\" data-settings=\"{&quot;_animation&quot;:&quot;fadeIn&quot;,&quot;_animation_delay&quot;:150}\" data-widget_type=\"heading.default\">\n\t\t\t\t<div class=\"elementor-widget-container\">\n\t\t\t\t\t<h2 class=\"elementor-heading-title elementor-size-default\">3. Legitimaci\u00f3.<\/h2>\t\t\t\t<\/div>\n\t\t\t\t<\/div>\n\t\t\t\t<div class=\"elementor-element elementor-element-58fe5418 elementor-widget elementor-widget-spacer\" data-id=\"58fe5418\" data-element_type=\"widget\" data-e-type=\"widget\" data-widget_type=\"spacer.default\">\n\t\t\t\t<div class=\"elementor-widget-container\">\n\t\t\t\t\t\t\t<div class=\"elementor-spacer\">\n\t\t\t<div class=\"elementor-spacer-inner\"><\/div>\n\t\t<\/div>\n\t\t\t\t\t\t<\/div>\n\t\t\t\t<\/div>\n\t\t\t\t<div class=\"elementor-element elementor-element-75214f60 elementor-invisible elementor-widget elementor-widget-heading\" data-id=\"75214f60\" data-element_type=\"widget\" data-e-type=\"widget\" data-settings=\"{&quot;_animation&quot;:&quot;fadeIn&quot;,&quot;_animation_delay&quot;:150}\" data-widget_type=\"heading.default\">\n\t\t\t\t<div class=\"elementor-widget-container\">\n\t\t\t\t\t<h2 class=\"elementor-heading-title elementor-size-default\">La legitimaci\u00f3 per a l'\u00fas de les teves dades personals deriva exclusivament del teu consentiment, lliure, espec\u00edfic, informat i inequ\u00edvoc. En qualsevol moment tens el dret de retirar el teu consentiment. Escriu-nos a contacto@new-ape.com.<\/h2>\t\t\t\t<\/div>\n\t\t\t\t<\/div>\n\t\t\t\t<div class=\"elementor-element elementor-element-4c945448 elementor-widget elementor-widget-spacer\" data-id=\"4c945448\" data-element_type=\"widget\" data-e-type=\"widget\" data-widget_type=\"spacer.default\">\n\t\t\t\t<div class=\"elementor-widget-container\">\n\t\t\t\t\t\t\t<div class=\"elementor-spacer\">\n\t\t\t<div class=\"elementor-spacer-inner\"><\/div>\n\t\t<\/div>\n\t\t\t\t\t\t<\/div>\n\t\t\t\t<\/div>\n\t\t\t\t<div class=\"elementor-element elementor-element-4b735e7c elementor-invisible elementor-widget elementor-widget-heading\" data-id=\"4b735e7c\" data-element_type=\"widget\" data-e-type=\"widget\" data-settings=\"{&quot;_animation&quot;:&quot;fadeIn&quot;,&quot;_animation_delay&quot;:150}\" data-widget_type=\"heading.default\">\n\t\t\t\t<div class=\"elementor-widget-container\">\n\t\t\t\t\t<h2 class=\"elementor-heading-title elementor-size-default\">4. Destinataris.<\/h2>\t\t\t\t<\/div>\n\t\t\t\t<\/div>\n\t\t\t\t<div class=\"elementor-element elementor-element-419d47d6 elementor-widget elementor-widget-spacer\" data-id=\"419d47d6\" data-element_type=\"widget\" data-e-type=\"widget\" data-widget_type=\"spacer.default\">\n\t\t\t\t<div class=\"elementor-widget-container\">\n\t\t\t\t\t\t\t<div class=\"elementor-spacer\">\n\t\t\t<div class=\"elementor-spacer-inner\"><\/div>\n\t\t<\/div>\n\t\t\t\t\t\t<\/div>\n\t\t\t\t<\/div>\n\t\t\t\t<div class=\"elementor-element elementor-element-5a0ddeb9 elementor-invisible elementor-widget elementor-widget-heading\" data-id=\"5a0ddeb9\" data-element_type=\"widget\" data-e-type=\"widget\" data-settings=\"{&quot;_animation&quot;:&quot;fadeIn&quot;,&quot;_animation_delay&quot;:150}\" data-widget_type=\"heading.default\">\n\t\t\t\t<div class=\"elementor-widget-container\">\n\t\t\t\t\t<h2 class=\"elementor-heading-title elementor-size-default\">Per al tractament de dades tenim contractat el seg\u00fcent prestadors de serveis externs, que compleix amb la normativa vigent en relaci\u00f3 a la protecci\u00f3 de dades:COMALIS (identificat amb la marca comercial WEBEMPRESA) amb domicili en C\/ Imatge 12 \u2013 41003 Sevilla, CIF B-91452755, que proporciona els serveis d'allotjament web (hosting). <br><br>Es pot consultar la pol\u00edtica de privacitat i altres aspectes legals d'aquesta companyia en el seg\u00fcent enlla\u00e7: https:\/\/www.comalis.com\/quienes-somos\/#sobre-comalis<\/h2>\t\t\t\t<\/div>\n\t\t\t\t<\/div>\n\t\t\t\t<div class=\"elementor-element elementor-element-47dd997 elementor-widget elementor-widget-spacer\" data-id=\"47dd997\" data-element_type=\"widget\" data-e-type=\"widget\" data-widget_type=\"spacer.default\">\n\t\t\t\t<div class=\"elementor-widget-container\">\n\t\t\t\t\t\t\t<div class=\"elementor-spacer\">\n\t\t\t<div class=\"elementor-spacer-inner\"><\/div>\n\t\t<\/div>\n\t\t\t\t\t\t<\/div>\n\t\t\t\t<\/div>\n\t\t\t\t<div class=\"elementor-element elementor-element-453e8471 elementor-invisible elementor-widget elementor-widget-heading\" data-id=\"453e8471\" data-element_type=\"widget\" data-e-type=\"widget\" data-settings=\"{&quot;_animation&quot;:&quot;fadeIn&quot;,&quot;_animation_delay&quot;:150}\" data-widget_type=\"heading.default\">\n\t\t\t\t<div class=\"elementor-widget-container\">\n\t\t\t\t\t<h2 class=\"elementor-heading-title elementor-size-default\">5. Drets.<\/h2>\t\t\t\t<\/div>\n\t\t\t\t<\/div>\n\t\t\t\t<div class=\"elementor-element elementor-element-155122d9 elementor-widget elementor-widget-spacer\" data-id=\"155122d9\" data-element_type=\"widget\" data-e-type=\"widget\" data-widget_type=\"spacer.default\">\n\t\t\t\t<div class=\"elementor-widget-container\">\n\t\t\t\t\t\t\t<div class=\"elementor-spacer\">\n\t\t\t<div class=\"elementor-spacer-inner\"><\/div>\n\t\t<\/div>\n\t\t\t\t\t\t<\/div>\n\t\t\t\t<\/div>\n\t\t\t\t<div class=\"elementor-element elementor-element-5c7078d5 elementor-invisible elementor-widget elementor-widget-heading\" data-id=\"5c7078d5\" data-element_type=\"widget\" data-e-type=\"widget\" data-settings=\"{&quot;_animation&quot;:&quot;fadeIn&quot;,&quot;_animation_delay&quot;:150}\" data-widget_type=\"heading.default\">\n\t\t\t\t<div class=\"elementor-widget-container\">\n\t\t\t\t\t<h2 class=\"elementor-heading-title elementor-size-default\">Els usuaris que ens facilitin les seves dades a trav\u00e9s de qualsevol dels mitjans descrits amb anterioritat, tindran la potestat d'exercitar els drets d'acc\u00e9s a les seves dades, rectificaci\u00f3 o supressi\u00f3, limitaci\u00f3 i oposici\u00f3 respecte de les dades incorporades en els seus fitxers.<br><br>En tot moment, els usuaris que vulguin accedir a les seves dades, rectificar-los o cancel\u00b7lar-los ens poden enviar un email a contacto@new-ape.com i els explicarem com exercir els seus drets.<br><br>Finalment, et recordem que l'acc\u00e9s a aquesta p\u00e0gina web pot implicar la utilitzaci\u00f3 de cookies, que com saps \u00e9s informaci\u00f3 que s'emmagatzema en el teu navegador per a facilitar la navegaci\u00f3.<br><br>Et deixem l'enlla\u00e7 perqu\u00e8 puguis consultar la nostra pol\u00edtica de <a href=\"https:\/\/new-ape.com\/ca\/cookies\/\"><b>cookies<\/b><\/a>. <br><br><br>Si tens qualsevol dubte referent al tractament de les teves dades i de la seva privacitat, escriu-nos.<br><\/h2>\t\t\t\t<\/div>\n\t\t\t\t<\/div>\n\t\t\t\t<div class=\"elementor-element elementor-element-7d1359b0 elementor-widget elementor-widget-spacer\" data-id=\"7d1359b0\" data-element_type=\"widget\" data-e-type=\"widget\" data-widget_type=\"spacer.default\">\n\t\t\t\t<div class=\"elementor-widget-container\">\n\t\t\t\t\t\t\t<div class=\"elementor-spacer\">\n\t\t\t<div class=\"elementor-spacer-inner\"><\/div>\n\t\t<\/div>\n\t\t\t\t\t\t<\/div>\n\t\t\t\t<\/div>\n\t\t\t\t\t<\/div>\n\t\t<\/div>\n\t\t\t\t\t<\/div>\n\t\t<\/section>\n\t\t\t\t<\/div>\n\t\t","protected":false},"excerpt":{"rendered":"<p>Privacitat Em dic Miguel Mart\u00ednez Mirosznizenko, propietari de l&#8217;empresa New Adventure &#038; Professional Equipment S.L.O i de la marca New Ape. Si necessites contactar amb nosaltres, pots fer-ho escrivint-nos un email contacto@new-ape.com. T&#8217;informem que aquesta p\u00e0gina web https:\/\/new-ape.com\/ca, i el negoci que la recolza compleix amb la normativa espanyola i europea vigent de protecci\u00f3 de [&hellip;]<\/p>\n","protected":false},"author":2,"featured_media":0,"parent":0,"menu_order":0,"comment_status":"closed","ping_status":"closed","template":"elementor_header_footer","meta":{"footnotes":""},"class_list":["post-3355","page","type-page","status-publish","hentry"],"yoast_head":"<!-- This site is optimized with the Yoast SEO plugin v27.0 - https:\/\/yoast.com\/product\/yoast-seo-wordpress\/ -->\n<title>Privacitat<\/title>\n<meta name=\"description\" content=\"Privacitat Em dic Miguel Mart\u00ednez Mirosznizenko, propietari de l&#039;empresa New Adventure &amp; Professional Equipment S.L.O i de la marca New Ape. Si necessites\" \/>\n<meta name=\"robots\" content=\"noindex, follow\" \/>\n<meta property=\"og:locale\" content=\"ca_ES\" \/>\n<meta property=\"og:type\" content=\"article\" \/>\n<meta property=\"og:title\" content=\"Privacitat\" \/>\n<meta property=\"og:description\" content=\"Privacitat Em dic Miguel Mart\u00ednez Mirosznizenko, propietari de l&#039;empresa New Adventure &amp; Professional Equipment S.L.O i de la marca New Ape. Si necessites\" \/>\n<meta property=\"og:url\" content=\"https:\/\/new-ape.com\/ca\/privacitat\/\" \/>\n<meta property=\"og:site_name\" content=\"New Ape\" \/>\n<meta property=\"article:publisher\" content=\"https:\/\/www.facebook.com\/new.ape.spain\/\" \/>\n<meta property=\"article:modified_time\" content=\"2020-03-23T17:04:21+00:00\" \/>\n<meta property=\"og:image\" content=\"https:\/\/new-ape.com\/wp-content\/uploads\/2019\/05\/new_ape_fb.png\" \/>\n\t<meta property=\"og:image:width\" content=\"360\" \/>\n\t<meta property=\"og:image:height\" content=\"360\" \/>\n\t<meta property=\"og:image:type\" content=\"image\/png\" \/>\n<meta name=\"twitter:card\" content=\"summary_large_image\" \/>\n<meta name=\"twitter:label1\" content=\"Temps estimat de lectura\" \/>\n\t<meta name=\"twitter:data1\" content=\"3 minuts\" \/>\n<script type=\"application\/ld+json\" class=\"yoast-schema-graph\">{\"@context\":\"https:\/\/schema.org\",\"@graph\":[{\"@type\":\"WebPage\",\"@id\":\"https:\/\/new-ape.com\/ca\/privacitat\/\",\"url\":\"https:\/\/new-ape.com\/ca\/privacitat\/\",\"name\":\"Privacitat\",\"isPartOf\":{\"@id\":\"https:\/\/new-ape.com\/ca\/#website\"},\"datePublished\":\"2019-02-04T06:24:44+00:00\",\"dateModified\":\"2020-03-23T17:04:21+00:00\",\"description\":\"Privacitat Em dic Miguel Mart\u00ednez Mirosznizenko, propietari de l'empresa New Adventure & Professional Equipment S.L.O i de la marca New Ape. Si necessites\",\"breadcrumb\":{\"@id\":\"https:\/\/new-ape.com\/ca\/privacitat\/#breadcrumb\"},\"inLanguage\":\"ca\",\"potentialAction\":[{\"@type\":\"ReadAction\",\"target\":[\"https:\/\/new-ape.com\/ca\/privacitat\/\"]}]},{\"@type\":\"BreadcrumbList\",\"@id\":\"https:\/\/new-ape.com\/ca\/privacitat\/#breadcrumb\",\"itemListElement\":[{\"@type\":\"ListItem\",\"position\":1,\"name\":\"Portada\",\"item\":\"https:\/\/new-ape.com\/ca\/\"},{\"@type\":\"ListItem\",\"position\":2,\"name\":\"Privacitat\"}]},{\"@type\":\"WebSite\",\"@id\":\"https:\/\/new-ape.com\/ca\/#website\",\"url\":\"https:\/\/new-ape.com\/ca\/\",\"name\":\"New Ape\",\"description\":\"\",\"publisher\":{\"@id\":\"https:\/\/new-ape.com\/ca\/#organization\"},\"potentialAction\":[{\"@type\":\"SearchAction\",\"target\":{\"@type\":\"EntryPoint\",\"urlTemplate\":\"https:\/\/new-ape.com\/ca\/?s={search_term_string}\"},\"query-input\":{\"@type\":\"PropertyValueSpecification\",\"valueRequired\":true,\"valueName\":\"search_term_string\"}}],\"inLanguage\":\"ca\"},{\"@type\":\"Organization\",\"@id\":\"https:\/\/new-ape.com\/ca\/#organization\",\"name\":\"New Ape | New adventure & professional equipment\",\"url\":\"https:\/\/new-ape.com\/ca\/\",\"logo\":{\"@type\":\"ImageObject\",\"inLanguage\":\"ca\",\"@id\":\"https:\/\/new-ape.com\/ca\/#\/schema\/logo\/image\/\",\"url\":\"https:\/\/new-ape.com\/wp-content\/uploads\/2018\/09\/newape_logo.jpg\",\"contentUrl\":\"https:\/\/new-ape.com\/wp-content\/uploads\/2018\/09\/newape_logo.jpg\",\"width\":260,\"height\":105,\"caption\":\"New Ape | New adventure & professional equipment\"},\"image\":{\"@id\":\"https:\/\/new-ape.com\/ca\/#\/schema\/logo\/image\/\"},\"sameAs\":[\"https:\/\/www.facebook.com\/new.ape.spain\/\",\"https:\/\/www.instagram.com\/new_ape\/\",\"https:\/\/www.linkedin.com\/company\/new-ape\/\",\"https:\/\/www.youtube.com\/channel\/UCsdk6-z25HfysZcPGrsPqgA\"]}]}<\/script>\n<!-- \/ Yoast SEO plugin. -->","yoast_head_json":{"title":"Privacitat","description":"Privacitat Em dic Miguel Mart\u00ednez Mirosznizenko, propietari de l'empresa New Adventure & Professional Equipment S.L.O i de la marca New Ape. Si necessites","robots":{"index":"noindex","follow":"follow"},"og_locale":"ca_ES","og_type":"article","og_title":"Privacitat","og_description":"Privacitat Em dic Miguel Mart\u00ednez Mirosznizenko, propietari de l'empresa New Adventure & Professional Equipment S.L.O i de la marca New Ape. Si necessites","og_url":"https:\/\/new-ape.com\/ca\/privacitat\/","og_site_name":"New Ape","article_publisher":"https:\/\/www.facebook.com\/new.ape.spain\/","article_modified_time":"2020-03-23T17:04:21+00:00","og_image":[{"width":360,"height":360,"url":"https:\/\/new-ape.com\/wp-content\/uploads\/2019\/05\/new_ape_fb.png","type":"image\/png"}],"twitter_card":"summary_large_image","twitter_misc":{"Temps estimat de lectura":"3 minuts"},"schema":{"@context":"https:\/\/schema.org","@graph":[{"@type":"WebPage","@id":"https:\/\/new-ape.com\/ca\/privacitat\/","url":"https:\/\/new-ape.com\/ca\/privacitat\/","name":"Privacitat","isPartOf":{"@id":"https:\/\/new-ape.com\/ca\/#website"},"datePublished":"2019-02-04T06:24:44+00:00","dateModified":"2020-03-23T17:04:21+00:00","description":"Privacitat Em dic Miguel Mart\u00ednez Mirosznizenko, propietari de l'empresa New Adventure & Professional Equipment S.L.O i de la marca New Ape. Si necessites","breadcrumb":{"@id":"https:\/\/new-ape.com\/ca\/privacitat\/#breadcrumb"},"inLanguage":"ca","potentialAction":[{"@type":"ReadAction","target":["https:\/\/new-ape.com\/ca\/privacitat\/"]}]},{"@type":"BreadcrumbList","@id":"https:\/\/new-ape.com\/ca\/privacitat\/#breadcrumb","itemListElement":[{"@type":"ListItem","position":1,"name":"Portada","item":"https:\/\/new-ape.com\/ca\/"},{"@type":"ListItem","position":2,"name":"Privacitat"}]},{"@type":"WebSite","@id":"https:\/\/new-ape.com\/ca\/#website","url":"https:\/\/new-ape.com\/ca\/","name":"New Ape","description":"","publisher":{"@id":"https:\/\/new-ape.com\/ca\/#organization"},"potentialAction":[{"@type":"SearchAction","target":{"@type":"EntryPoint","urlTemplate":"https:\/\/new-ape.com\/ca\/?s={search_term_string}"},"query-input":{"@type":"PropertyValueSpecification","valueRequired":true,"valueName":"search_term_string"}}],"inLanguage":"ca"},{"@type":"Organization","@id":"https:\/\/new-ape.com\/ca\/#organization","name":"New Ape | New adventure & professional equipment","url":"https:\/\/new-ape.com\/ca\/","logo":{"@type":"ImageObject","inLanguage":"ca","@id":"https:\/\/new-ape.com\/ca\/#\/schema\/logo\/image\/","url":"https:\/\/new-ape.com\/wp-content\/uploads\/2018\/09\/newape_logo.jpg","contentUrl":"https:\/\/new-ape.com\/wp-content\/uploads\/2018\/09\/newape_logo.jpg","width":260,"height":105,"caption":"New Ape | New adventure & professional equipment"},"image":{"@id":"https:\/\/new-ape.com\/ca\/#\/schema\/logo\/image\/"},"sameAs":["https:\/\/www.facebook.com\/new.ape.spain\/","https:\/\/www.instagram.com\/new_ape\/","https:\/\/www.linkedin.com\/company\/new-ape\/","https:\/\/www.youtube.com\/channel\/UCsdk6-z25HfysZcPGrsPqgA"]}]}},"_links":{"self":[{"href":"https:\/\/new-ape.com\/ca\/wp-json\/wp\/v2\/pages\/3355","targetHints":{"allow":["GET"]}}],"collection":[{"href":"https:\/\/new-ape.com\/ca\/wp-json\/wp\/v2\/pages"}],"about":[{"href":"https:\/\/new-ape.com\/ca\/wp-json\/wp\/v2\/types\/page"}],"author":[{"embeddable":true,"href":"https:\/\/new-ape.com\/ca\/wp-json\/wp\/v2\/users\/2"}],"replies":[{"embeddable":true,"href":"https:\/\/new-ape.com\/ca\/wp-json\/wp\/v2\/comments?post=3355"}],"version-history":[{"count":0,"href":"https:\/\/new-ape.com\/ca\/wp-json\/wp\/v2\/pages\/3355\/revisions"}],"wp:attachment":[{"href":"https:\/\/new-ape.com\/ca\/wp-json\/wp\/v2\/media?parent=3355"}],"curies":[{"name":"wp","href":"https:\/\/api.w.org\/{rel}","templated":true}]}}